{"id":8,"date":"2023-08-01T12:45:49","date_gmt":"2023-08-01T10:45:49","guid":{"rendered":"https:\/\/tallertecnic.cat\/?page_id=8"},"modified":"2023-08-02T13:25:58","modified_gmt":"2023-08-02T11:25:58","slug":"presentacio","status":"publish","type":"page","link":"https:\/\/tallertecnic.cat\/","title":{"rendered":"Presentaci\u00f3"},"content":{"rendered":"<p>[et_pb_section fb_built=\u00bb1&#8243; _builder_version=\u00bb4.21.0&#8243; _module_preset=\u00bbdefault\u00bb background_color=\u00bb#aaa7c1&#8243; background_enable_image=\u00bboff\u00bb background_blend=\u00bbsoft-light\u00bb global_colors_info=\u00bb{}\u00bb][et_pb_row _builder_version=\u00bb4.21.0&#8243; _module_preset=\u00bbdefault\u00bb background_color=\u00bb#e9e9e9&#8243; background_image=\u00bbhttps:\/\/tallertecnic.cat\/wp-content\/uploads\/2023\/08\/pagina-fondo.jpg\u00bb module_alignment=\u00bbcenter\u00bb min_height=\u00bb139.8px\u00bb custom_margin=\u00bb-15px||||false|false\u00bb custom_padding=\u00bb|10px||10px|false|false\u00bb hover_enabled=\u00bb0&#8243; border_radii=\u00bbon|2px|2px|2px|2px\u00bb border_color_all=\u00bb#FFFFFF\u00bb border_style_all=\u00bbridge\u00bb box_shadow_style=\u00bbpreset1&#8243; box_shadow_vertical=\u00bb1px\u00bb box_shadow_blur=\u00bb20px\u00bb box_shadow_spread=\u00bb2px\u00bb global_colors_info=\u00bb{}\u00bb title_text=\u00bbpagina fondo\u00bb background_size=\u00bbinitial\u00bb background_position=\u00bbbottom_left\u00bb background_horizontal_offset=\u00bb100%\u00bb sticky_enabled=\u00bb0&#8243;][et_pb_column type=\u00bb4_4&#8243; _builder_version=\u00bb4.21.0&#8243; _module_preset=\u00bbdefault\u00bb global_colors_info=\u00bb{}\u00bb][et_pb_text _builder_version=\u00bb4.21.0&#8243; _module_preset=\u00bbdefault\u00bb text_font=\u00bb|700|||||||\u00bb text_text_color=\u00bb#0000fe\u00bb text_font_size=\u00bb30px\u00bb global_colors_info=\u00bb{}\u00bb]<\/p>\n<p>Presentaci\u00f3<\/p>\n<p>[\/et_pb_text][et_pb_image src=\u00bbhttps:\/\/tallertecnic.cat\/wp-content\/uploads\/2023\/08\/taller01.jpg\u00bb title_text=\u00bbtaller01&#8243; align=\u00bbcenter\u00bb _builder_version=\u00bb4.21.0&#8243; _module_preset=\u00bbdefault\u00bb border_radii=\u00bbon|1px|1px|1px|1px\u00bb border_width_all=\u00bb1px\u00bb border_color_all=\u00bb#000000&#8243; global_colors_info=\u00bb{}\u00bb][\/et_pb_image][et_pb_text _builder_version=\u00bb4.21.0&#8243; _module_preset=\u00bbdefault\u00bb text_text_color=\u00bb#000000&#8243; global_colors_info=\u00bb{}\u00bb]<\/p>\n<p align=\"justify\">Taller T\u00e8cnic \u00e9s una empresa que t\u00e9 els seus or\u00edgens en l&#8217;any 1.987. \u00c9s una oficina t\u00e8cnica b\u00e0sicament dedicada als treballs d&#8217;enginyeria industrial, projectes d&#8217;instal\u00b7lacions, construcci\u00f3 industrial, enllumenat p\u00fablic, topografia, entre altres. Una llarga experi\u00e8ncia ens avala i ha quedat palesa tant en treballs per a promotors privats com p\u00fablics, aix\u00ed com per a organismes oficials.<\/p>\n<p align=\"justify\">Des del seu inici ha anat evolucionant adaptant els treballs a les noves tecnologies i demandes de mercat, incorporant en les diferents tasques: estudis ambientals, projectes d&#8217;infraestrutures de telecomunicacions, aix\u00ed com altres requeriments o innovacions que s&#8217;ajusten a les necessitats actuals.<\/p>\n<p align=\"justify\">L&#8217;empresa disposa d&#8217;uns equips t\u00e8cnics i humans que permeten donar servei a tota la demanda que el mercat requereix, oferint estudis amb simulaci\u00f3 3D dels projectes, gesti\u00f3 i control de les obres amb controls de qualitat i certificacions de les obres realitzades.<\/p>\n<p>[\/et_pb_text][\/et_pb_column][\/et_pb_row][\/et_pb_section]<\/p>\n","protected":false},"excerpt":{"rendered":"<p>Presentaci\u00f3Taller T\u00e8cnic \u00e9s una empresa que t\u00e9 els seus or\u00edgens en l&#8217;any 1.987. \u00c9s una oficina t\u00e8cnica b\u00e0sicament dedicada als treballs d&#8217;enginyeria industrial, projectes d&#8217;instal\u00b7lacions, construcci\u00f3 industrial, enllumenat p\u00fablic, topografia, entre altres. Una llarga experi\u00e8ncia ens avala i ha quedat palesa tant en treballs per a promotors privats com p\u00fablics, aix\u00ed com per a organismes [&hellip;]<\/p>\n","protected":false},"author":1,"featured_media":0,"parent":0,"menu_order":0,"comment_status":"closed","ping_status":"closed","template":"","meta":{"_et_pb_use_builder":"on","_et_pb_old_content":"","_et_gb_content_width":"","footnotes":""},"class_list":["post-8","page","type-page","status-publish","hentry"],"_links":{"self":[{"href":"https:\/\/tallertecnic.cat\/index.php?rest_route=\/wp\/v2\/pages\/8","targetHints":{"allow":["GET"]}}],"collection":[{"href":"https:\/\/tallertecnic.cat\/index.php?rest_route=\/wp\/v2\/pages"}],"about":[{"href":"https:\/\/tallertecnic.cat\/index.php?rest_route=\/wp\/v2\/types\/page"}],"author":[{"embeddable":true,"href":"https:\/\/tallertecnic.cat\/index.php?rest_route=\/wp\/v2\/users\/1"}],"replies":[{"embeddable":true,"href":"https:\/\/tallertecnic.cat\/index.php?rest_route=%2Fwp%2Fv2%2Fcomments&post=8"}],"version-history":[{"count":13,"href":"https:\/\/tallertecnic.cat\/index.php?rest_route=\/wp\/v2\/pages\/8\/revisions"}],"predecessor-version":[{"id":107,"href":"https:\/\/tallertecnic.cat\/index.php?rest_route=\/wp\/v2\/pages\/8\/revisions\/107"}],"wp:attachment":[{"href":"https:\/\/tallertecnic.cat\/index.php?rest_route=%2Fwp%2Fv2%2Fmedia&parent=8"}],"curies":[{"name":"wp","href":"https:\/\/api.w.org\/{rel}","templated":true}]}}