{"id":37,"date":"2023-08-01T13:09:27","date_gmt":"2023-08-01T11:09:27","guid":{"rendered":"https:\/\/tallertecnic.cat\/?page_id=37"},"modified":"2023-08-02T13:30:54","modified_gmt":"2023-08-02T11:30:54","slug":"obra-municipal","status":"publish","type":"page","link":"https:\/\/tallertecnic.cat\/?page_id=37","title":{"rendered":"Obra municipal"},"content":{"rendered":"<p>[et_pb_section fb_built=\u00bb1&#8243; _builder_version=\u00bb4.21.0&#8243; _module_preset=\u00bbdefault\u00bb background_color=\u00bb#aaa7c1&#8243; background_enable_image=\u00bboff\u00bb background_blend=\u00bbsoft-light\u00bb global_colors_info=\u00bb{}\u00bb theme_builder_area=\u00bbpost_content\u00bb][et_pb_row _builder_version=\u00bb4.21.0&#8243; _module_preset=\u00bbdefault\u00bb background_color=\u00bb#e9e9e9&#8243; background_image=\u00bbhttps:\/\/tallertecnic.cat\/wp-content\/uploads\/2023\/08\/pagina-fondo.jpg\u00bb background_size=\u00bbinitial\u00bb background_position=\u00bbbottom_left\u00bb background_horizontal_offset=\u00bb100%\u00bb background_vertical_offset=\u00bb0%\u00bb module_alignment=\u00bbcenter\u00bb min_height=\u00bb281.8px\u00bb custom_margin=\u00bb-15px|auto|57px|auto|false|false\u00bb custom_padding=\u00bb|10px||10px|false|false\u00bb border_radii=\u00bbon|2px|2px|2px|2px\u00bb border_color_all=\u00bb#FFFFFF\u00bb border_style_all=\u00bbridge\u00bb box_shadow_style=\u00bbpreset1&#8243; box_shadow_vertical=\u00bb1px\u00bb box_shadow_blur=\u00bb20px\u00bb box_shadow_spread=\u00bb2px\u00bb global_colors_info=\u00bb{}\u00bb theme_builder_area=\u00bbpost_content\u00bb][et_pb_column type=\u00bb4_4&#8243; _builder_version=\u00bb4.21.0&#8243; _module_preset=\u00bbdefault\u00bb global_colors_info=\u00bb{}\u00bb theme_builder_area=\u00bbpost_content\u00bb][et_pb_text _builder_version=\u00bb4.21.0&#8243; _module_preset=\u00bbdefault\u00bb text_font=\u00bb|700|||||||\u00bb text_text_color=\u00bb#0000fe\u00bb text_font_size=\u00bb30px\u00bb hover_enabled=\u00bb0&#8243; global_colors_info=\u00bb{}\u00bb theme_builder_area=\u00bbpost_content\u00bb sticky_enabled=\u00bb0&#8243;]<\/p>\n<p>Obra municipal<\/p>\n<p>[\/et_pb_text][et_pb_text _builder_version=\u00bb4.21.0&#8243; _module_preset=\u00bbdefault\u00bb text_text_color=\u00bb#000000&#8243; hover_enabled=\u00bb0&#8243; global_colors_info=\u00bb{}\u00bb theme_builder_area=\u00bbpost_content\u00bb sticky_enabled=\u00bb0&#8243;]<\/p>\n<p>&#8211; Projecte instal.laci\u00f3 el\u00e8ctrica de les piscines municipals i sonoritzaci\u00f3 exterior del nucli urb\u00e0.<em>Promotor: Ajuntament de Benifallet. Benifallet (Tarragona)<\/em><\/p>\n<p>&#8211; Mem\u00f2ria T\u00e8cnica instal.laci\u00f3 d\u2019una torre emissora i repetidora de T.V.<em>Promotor: Ajuntament de l\u2019Albi. L\u2019Albi (Lleida)<\/em><em>\u00a0<\/em><\/p>\n<p>&#8211; Projecte instal.lacions en l\u2019Ajuntament d\u2019Olesa de Montserrat.<em>Promotor: Ajuntament d\u2019Olesa de Montserrat. Olesa de Montserrat (Barcelona)<\/em><em>\u00a0<\/em><\/p>\n<p>&#8211; Projecte per la instal.laci\u00f3 d\u2019un centre de bombeig.<em>Promotor: Universitat d\u2019Agr\u00f2noms de Lleida. Lleida<\/em><em>\u00a0<\/em><\/p>\n<p>&#8211; Projecte instal.lacions en el local social de Benavent.<em>Promotor: Ajuntament de Benavent. Benavent de Segri\u00e0 (Lleida)<\/em><em>\u00a0<\/em><\/p>\n<p>&#8211; Projecte instal.lacions en l\u2019Ajuntament de Benavent. <em>Promotor: Ajuntament de Benavent. Benavent de Segri\u00e0 (Lleida)<\/em><em>\u00a0<\/em><\/p>\n<p>&#8211; Projecte instal.laci\u00f3 el\u00e8ctrica en \u201cCasa del Se\u00f1or Eutath\u201d i arxiu hist\u00f2ric.<em>Promotor: Ajuntament de Vielha. Vielha (Lleida)<\/em><em>\u00a0<\/em><\/p>\n<p>&#8211; Projecte per la reforma de la instal.laci\u00f3 el\u00e8ctrica dels edificis \u201cA\u201d i \u201cB\u201d de la Universitat d\u2019Agr\u00f2noms. <em>Promotor: Universitat d\u2019Agr\u00f2noms de Lleida. Lleida<\/em><em>\u00a0<\/em><\/p>\n<p>[\/et_pb_text][et_pb_image src=\u00bbhttps:\/\/tallertecnic.cat\/wp-content\/uploads\/2023\/08\/imatge-1-2.gif\u00bb title_text=\u00bbimatge 1&#8243; align=\u00bbcenter\u00bb _builder_version=\u00bb4.21.0&#8243; _module_preset=\u00bbdefault\u00bb hover_enabled=\u00bb0&#8243; border_radii=\u00bbon|1px|1px|1px|1px\u00bb border_width_all=\u00bb1px\u00bb border_color_all=\u00bb#000000&#8243; global_colors_info=\u00bb{}\u00bb theme_builder_area=\u00bbpost_content\u00bb sticky_enabled=\u00bb0&#8243;][\/et_pb_image][et_pb_text _builder_version=\u00bb4.21.0&#8243; _module_preset=\u00bbdefault\u00bb text_text_color=\u00bb#000000&#8243; hover_enabled=\u00bb0&#8243; global_colors_info=\u00bb{}\u00bb theme_builder_area=\u00bbpost_content\u00bb sticky_enabled=\u00bb0&#8243;]<\/p>\n<p>&#8211; Projecte per la instal.laci\u00f3 el\u00e8ctrica en les instal.lacions de Renfe, destinades a realitzar el canvi de via. <em>Promotor: Ente P\u00fablico Gestor de Infraestructuras Ferrovi\u00e1rias G.I.F. Barri de La Bordeta Lleida)<\/em><em>\u00a0<\/em><\/p>\n<p>&#8211; Projecte per la instal.laci\u00f3 el\u00e8ctrica de les Escoles Municipals. <em>Promotor: Ayuntamiento de Estopi\u00f1\u00e1n. Estopi\u00f1\u00e1n (Osca)<\/em><em>\u00a0<\/em><\/p>\n<p>&#8211; Projecte per la instal.laci\u00f3 d\u2019un centre de bombeig.<em>Promotor: Ajuntament de Santa Margarida i Els Monjos (Tarragona)<\/em><em>\u00a0<\/em><\/p>\n<p>&#8211; Projecte per les instal.lacions en el Centre Cultural \u201cCal Borres\u201d.<em>Promotor: Ajuntament de Biosca. Biosca (Lleida)<\/em><em>\u00a0<\/em><\/p>\n<p>&#8211; Projecte per la millora i ampliaci\u00f3 de la xarxa de clavegueram.<em>Promotor: Ajuntament de Sudanell. Sudanell (Lleida)<\/em><em>\u00a0<\/em><\/p>\n<p>&#8211; Projecte per l\u2019acondicionament del cementiri municipal.<em>Promotor: Ajuntament de Torre-serona. Torre-serona Lleida)<\/em><\/p>\n<p>&#8211; Projecte per l\u2019ampliaci\u00f3 del col\u00b7lector d\u2019aig\u00fces residuals al Cam\u00ed Espad\u00f3s.<em>Promotor: Ajuntament d\u2019Almenar. Almenar (Lleida)<\/em><em>\u00a0<\/em><\/p>\n<p>&#8211; Projecte per la instal.laci\u00f3 el\u00e8ctrica en la pista poliesportiva.<em>Promotor: Ajuntament de Torrebesses. Torrebesses (Lleida)<\/em><em>\u00a0<\/em><\/p>\n<p>[\/et_pb_text][et_pb_image src=\u00bbhttps:\/\/tallertecnic.cat\/wp-content\/uploads\/2023\/08\/imatge-2-4.gif\u00bb title_text=\u00bbimatge 2&#8243; align=\u00bbcenter\u00bb _builder_version=\u00bb4.21.0&#8243; _module_preset=\u00bbdefault\u00bb custom_margin=\u00bb||||false|false\u00bb hover_enabled=\u00bb0&#8243; border_radii=\u00bbon|1px|1px|1px|1px\u00bb border_width_all=\u00bb1px\u00bb border_color_all=\u00bb#000000&#8243; global_colors_info=\u00bb{}\u00bb theme_builder_area=\u00bbpost_content\u00bb sticky_enabled=\u00bb0&#8243;][\/et_pb_image][et_pb_text _builder_version=\u00bb4.21.0&#8243; _module_preset=\u00bbdefault\u00bb text_text_color=\u00bb#000000&#8243; hover_enabled=\u00bb0&#8243; global_colors_info=\u00bb{}\u00bb theme_builder_area=\u00bbpost_content\u00bb sticky_enabled=\u00bb0&#8243;]<\/p>\n<p>&#8211; Projecte per les instal.lacions en l\u2019edifici de les depend\u00e8ncies municipals.<em>Promotor: Ajuntament de Bellaguarda. Bellaguarda (Lleida)<\/em><em>\u00a0<\/em><\/p>\n<p>&#8211; Projecte per la millora del local social.<em>Promotor: Ajuntament de Massalcoreig. Massalcoreig (Lleida)<\/em><em> <\/em><\/p>\n<p>&#8211; Projecte per les instal.lacions en l\u2019edifici d\u2019equipaments i serveis municipals.<em>Promotor: Ajuntament de Montoliu. Montoliu (Lleida)<\/em><\/p>\n<p><em><\/em><\/p>\n<p>[\/et_pb_text][et_pb_image src=\u00bbhttps:\/\/tallertecnic.cat\/wp-content\/uploads\/2023\/08\/imatge-3-1.gif\u00bb title_text=\u00bbimatge 3&#8243; align=\u00bbcenter\u00bb _builder_version=\u00bb4.21.0&#8243; _module_preset=\u00bbdefault\u00bb hover_enabled=\u00bb0&#8243; border_radii=\u00bbon|1px|1px|1px|1px\u00bb border_width_all=\u00bb1px\u00bb border_color_all=\u00bb#000000&#8243; global_colors_info=\u00bb{}\u00bb theme_builder_area=\u00bbpost_content\u00bb sticky_enabled=\u00bb0&#8243;][\/et_pb_image][et_pb_text _builder_version=\u00bb4.21.0&#8243; _module_preset=\u00bbdefault\u00bb text_text_color=\u00bb#000000&#8243; hover_enabled=\u00bb0&#8243; global_colors_info=\u00bb{}\u00bb theme_builder_area=\u00bbpost_content\u00bb sticky_enabled=\u00bb0&#8243;]<\/p>\n<p>&#8211; Projecte instal.laci\u00f3 el\u00e8ctrica en el poliesportiu.<em>Promotor: Ajuntament d\u2019Aitona. Aitona (Lleida)<\/em><em>\u00a0<\/em><\/p>\n<p>&#8211; Projecte per la instal.laci\u00f3 d\u2019un centre de bombeig en la urbanitzaci\u00f3 Torreblanca.<em>Promotor: INCASOL. Sant Joan d\u2019Esp\u00ed (Barcelona)<\/em><em>\u00a0<\/em><\/p>\n<p>&#8211; Mem\u00f2ria valorada per la urbanitzaci\u00f3 i acondicionament de l\u2019entorn del \u201cTossal del Calvari\u201d.<em>Promotor: Ajuntament de Torre-serona. Torre-serona (Lleida)<\/em><\/p>\n<p>[\/et_pb_text][et_pb_image src=\u00bbhttps:\/\/tallertecnic.cat\/wp-content\/uploads\/2023\/08\/imatge-4.gif\u00bb _builder_version=\u00bb4.21.0&#8243; _module_preset=\u00bbdefault\u00bb theme_builder_area=\u00bbpost_content\u00bb title_text=\u00bbimatge 4&#8243; align=\u00bbcenter\u00bb border_radii=\u00bbon|1px|1px|1px|1px\u00bb border_width_all=\u00bb1px\u00bb border_color_all=\u00bb#000000&#8243; hover_enabled=\u00bb0&#8243; sticky_enabled=\u00bb0&#8243;][\/et_pb_image][et_pb_text _builder_version=\u00bb4.21.0&#8243; _module_preset=\u00bbdefault\u00bb theme_builder_area=\u00bbpost_content\u00bb text_text_color=\u00bb#000000&#8243; hover_enabled=\u00bb0&#8243; sticky_enabled=\u00bb0&#8243;]<\/p>\n<p>&#8211; Projecte d\u2019instal.laci\u00f3 el\u00e8ctrica en les oficines del Departament d\u2019Agricultura, Ramaderia i Pesca. <em>Promotor: Generalitat de Catalunya. Vilassar de Mar (Barcelona)<\/em><em>\u00a0<\/em><\/p>\n<p>&#8211; Projecte per les instal.lacions de protecci\u00f3 contra incendis en el Teatre Principal. <em>Promotor: Teatre Principal de Lleida. Lleida<\/em><\/p>\n<p>[\/et_pb_text][\/et_pb_column][\/et_pb_row][\/et_pb_section]<\/p>\n","protected":false},"excerpt":{"rendered":"<p>Obra municipal- Projecte instal.laci\u00f3 el\u00e8ctrica de les piscines municipals i sonoritzaci\u00f3 exterior del nucli urb\u00e0.Promotor: Ajuntament de Benifallet. Benifallet (Tarragona) &#8211; Mem\u00f2ria T\u00e8cnica instal.laci\u00f3 d\u2019una torre emissora i repetidora de T.V.Promotor: Ajuntament de l\u2019Albi. L\u2019Albi (Lleida)\u00a0 &#8211; Projecte instal.lacions en l\u2019Ajuntament d\u2019Olesa de Montserrat.Promotor: Ajuntament d\u2019Olesa de Montserrat. Olesa de Montserrat (Barcelona)\u00a0 &#8211; Projecte per [&hellip;]<\/p>\n","protected":false},"author":1,"featured_media":0,"parent":0,"menu_order":0,"comment_status":"closed","ping_status":"closed","template":"","meta":{"_et_pb_use_builder":"on","_et_pb_old_content":"<!-- wp:divi\/placeholder \/-->","_et_gb_content_width":"","footnotes":""},"class_list":["post-37","page","type-page","status-publish","hentry"],"_links":{"self":[{"href":"https:\/\/tallertecnic.cat\/index.php?rest_route=\/wp\/v2\/pages\/37","targetHints":{"allow":["GET"]}}],"collection":[{"href":"https:\/\/tallertecnic.cat\/index.php?rest_route=\/wp\/v2\/pages"}],"about":[{"href":"https:\/\/tallertecnic.cat\/index.php?rest_route=\/wp\/v2\/types\/page"}],"author":[{"embeddable":true,"href":"https:\/\/tallertecnic.cat\/index.php?rest_route=\/wp\/v2\/users\/1"}],"replies":[{"embeddable":true,"href":"https:\/\/tallertecnic.cat\/index.php?rest_route=%2Fwp%2Fv2%2Fcomments&post=37"}],"version-history":[{"count":3,"href":"https:\/\/tallertecnic.cat\/index.php?rest_route=\/wp\/v2\/pages\/37\/revisions"}],"predecessor-version":[{"id":114,"href":"https:\/\/tallertecnic.cat\/index.php?rest_route=\/wp\/v2\/pages\/37\/revisions\/114"}],"wp:attachment":[{"href":"https:\/\/tallertecnic.cat\/index.php?rest_route=%2Fwp%2Fv2%2Fmedia&parent=37"}],"curies":[{"name":"wp","href":"https:\/\/api.w.org\/{rel}","templated":true}]}}