{"id":35,"date":"2023-08-01T13:09:07","date_gmt":"2023-08-01T11:09:07","guid":{"rendered":"https:\/\/tallertecnic.cat\/?page_id=35"},"modified":"2023-08-02T13:22:47","modified_gmt":"2023-08-02T11:22:47","slug":"enllumenat-public","status":"publish","type":"page","link":"https:\/\/tallertecnic.cat\/?page_id=35","title":{"rendered":"Enllumenat p\u00fablic"},"content":{"rendered":"<p>[et_pb_section fb_built=\u00bb1&#8243; _builder_version=\u00bb4.21.0&#8243; _module_preset=\u00bbdefault\u00bb background_color=\u00bb#aaa7c1&#8243; background_enable_image=\u00bboff\u00bb background_blend=\u00bbsoft-light\u00bb global_colors_info=\u00bb{}\u00bb theme_builder_area=\u00bbpost_content\u00bb][et_pb_row _builder_version=\u00bb4.21.0&#8243; _module_preset=\u00bbdefault\u00bb background_color=\u00bb#e9e9e9&#8243; background_image=\u00bbhttps:\/\/tallertecnic.cat\/wp-content\/uploads\/2023\/08\/pagina-fondo.jpg\u00bb background_size=\u00bbinitial\u00bb background_position=\u00bbbottom_left\u00bb background_horizontal_offset=\u00bb100%\u00bb background_vertical_offset=\u00bb0%\u00bb module_alignment=\u00bbcenter\u00bb min_height=\u00bb281.8px\u00bb custom_margin=\u00bb-15px|auto|57px|auto|false|false\u00bb custom_padding=\u00bb|10px||10px|false|false\u00bb border_radii=\u00bbon|2px|2px|2px|2px\u00bb border_color_all=\u00bb#FFFFFF\u00bb border_style_all=\u00bbridge\u00bb box_shadow_style=\u00bbpreset1&#8243; box_shadow_vertical=\u00bb1px\u00bb box_shadow_blur=\u00bb20px\u00bb box_shadow_spread=\u00bb2px\u00bb global_colors_info=\u00bb{}\u00bb theme_builder_area=\u00bbpost_content\u00bb][et_pb_column type=\u00bb4_4&#8243; _builder_version=\u00bb4.21.0&#8243; _module_preset=\u00bbdefault\u00bb global_colors_info=\u00bb{}\u00bb theme_builder_area=\u00bbpost_content\u00bb][et_pb_text _builder_version=\u00bb4.21.0&#8243; _module_preset=\u00bbdefault\u00bb text_font=\u00bb|700|||||||\u00bb text_text_color=\u00bb#0000fe\u00bb text_font_size=\u00bb30px\u00bb hover_enabled=\u00bb0&#8243; global_colors_info=\u00bb{}\u00bb theme_builder_area=\u00bbpost_content\u00bb sticky_enabled=\u00bb0&#8243;]<\/p>\n<p>Enllumenat p\u00fablic<\/p>\n<p>[\/et_pb_text][et_pb_text _builder_version=\u00bb4.21.0&#8243; _module_preset=\u00bbdefault\u00bb text_text_color=\u00bb#000000&#8243; hover_enabled=\u00bb0&#8243; global_colors_info=\u00bb{}\u00bb theme_builder_area=\u00bbpost_content\u00bb sticky_enabled=\u00bb0&#8243;]<\/p>\n<p>&#8211; Remodelaci\u00f3 i millora enllumenat p\u00fablic Barri de Bellvitge.<em>Promotor: Ajuntament d\u2019Hospitalet de Llobregat. Hospitalet de Llobregat (Barcelona)<\/em><em><\/em><\/p>\n<p>[\/et_pb_text][et_pb_image src=\u00bbhttps:\/\/tallertecnic.cat\/wp-content\/uploads\/2023\/08\/imatge-1-1.gif\u00bb title_text=\u00bbimatge 1&#8243; align=\u00bbcenter\u00bb _builder_version=\u00bb4.21.0&#8243; _module_preset=\u00bbdefault\u00bb hover_enabled=\u00bb0&#8243; border_radii=\u00bbon|1px|1px|1px|1px\u00bb border_width_all=\u00bb1px\u00bb border_color_all=\u00bb#000000&#8243; global_colors_info=\u00bb{}\u00bb theme_builder_area=\u00bbpost_content\u00bb sticky_enabled=\u00bb0&#8243;][\/et_pb_image][et_pb_text _builder_version=\u00bb4.21.0&#8243; _module_preset=\u00bbdefault\u00bb text_text_color=\u00bb#000000&#8243; hover_enabled=\u00bb0&#8243; global_colors_info=\u00bb{}\u00bb theme_builder_area=\u00bbpost_content\u00bb sticky_enabled=\u00bb0&#8243;]<\/p>\n<p>&#8211; Enllumenat p\u00fablic en els nuclis de poblaci\u00f3 de Baldom\u00e0, Montargull, Vall-llebrera i Vall-llebrerola.<em>Promotor: Ajuntament d\u2019Artesa de Segre. Artesa de Segre (Lleida)<\/em><em>\u00a0<\/em><\/p>\n<p>&#8211; Pol\u00edgon industrial \u201cPlans d\u2019Arau\u201d.<em>Promotor: INCASOL. La Pobla de Caribenys (Tarragona)<\/em><em>\u00a0<\/em><\/p>\n<p>&#8211; Urbanitzaci\u00f3 residencial Santa B\u00e0rbara.<em>Promotor: INCASOL. Santa B\u00e0rbara (Tarragona)<\/em><em>\u00a0<\/em><\/p>\n<p>&#8211; Ampliaci\u00f3 enllumenat p\u00fablic en el nucli urb\u00e0 de Monistrol.<em>Promotor: Ajuntament de Monistrol. Monistrol (Barcelona)<\/em><em>\u00a0<\/em><\/p>\n<p>&#8211; Millora i ampliaci\u00f3 enllumenat p\u00fablic en el nucli urb\u00e0 de Massalcoreig.<em>Promotor: Ajuntament de Massalcoreig. Massalcoreig (Lleida)<\/em><em>\u00a0<\/em><\/p>\n<p align=\"center\">[\/et_pb_text][et_pb_image src=\u00bbhttps:\/\/tallertecnic.cat\/wp-content\/uploads\/2023\/08\/imatge-2-3.gif\u00bb title_text=\u00bbimatge 2&#8243; align=\u00bbcenter\u00bb _builder_version=\u00bb4.21.0&#8243; _module_preset=\u00bbdefault\u00bb custom_margin=\u00bb||||false|false\u00bb hover_enabled=\u00bb0&#8243; border_radii=\u00bbon|1px|1px|1px|1px\u00bb border_width_all=\u00bb1px\u00bb border_color_all=\u00bb#000000&#8243; global_colors_info=\u00bb{}\u00bb theme_builder_area=\u00bbpost_content\u00bb sticky_enabled=\u00bb0&#8243;][\/et_pb_image][et_pb_text _builder_version=\u00bb4.21.0&#8243; _module_preset=\u00bbdefault\u00bb text_text_color=\u00bb#000000&#8243; hover_enabled=\u00bb0&#8243; global_colors_info=\u00bb{}\u00bb theme_builder_area=\u00bbpost_content\u00bb sticky_enabled=\u00bb0&#8243;]<\/p>\n<p>&#8211; Ampliaci\u00f3 enllumenat p\u00fablic en varis carrer del nucli urb\u00e0 de Sant Mart\u00ed Sarroca.<em>Promotor: INCASOL. Sant Mart\u00ed Sarroca (Barcelona)<\/em><em>\u00a0<\/em><\/p>\n<p>&#8211; Millora i ampliaci\u00f3 enllumenat p\u00fablic en el nucli urb\u00e0 d\u2019Aitona.<em>Promotor: Ajuntament d\u2019Aitona. Aitona (Lleida)<\/em><em>\u00a0<\/em><\/p>\n<p>[\/et_pb_text][et_pb_image src=\u00bbhttps:\/\/tallertecnic.cat\/wp-content\/uploads\/2023\/08\/imatge-3.gif\u00bb title_text=\u00bbimatge 3&#8243; align=\u00bbcenter\u00bb _builder_version=\u00bb4.21.0&#8243; _module_preset=\u00bbdefault\u00bb hover_enabled=\u00bb0&#8243; border_radii=\u00bbon|1px|1px|1px|1px\u00bb border_width_all=\u00bb1px\u00bb border_color_all=\u00bb#000000&#8243; global_colors_info=\u00bb{}\u00bb theme_builder_area=\u00bbpost_content\u00bb sticky_enabled=\u00bb0&#8243;][\/et_pb_image][et_pb_text _builder_version=\u00bb4.21.0&#8243; _module_preset=\u00bbdefault\u00bb theme_builder_area=\u00bbpost_content\u00bb text_text_color=\u00bb#000000&#8243; hover_enabled=\u00bb0&#8243; sticky_enabled=\u00bb0&#8243;]<\/p>\n<p>&#8211; Enllumenat p\u00fablic en el Carrer La Vinya de la urbanitzaci\u00f3 La Vinya.<em>Promotor: Entitat de conservaci\u00f3 urban\u00edstica carrer la vinya. Alpicat (Lleida)<\/em><em>\u00a0<\/em><\/p>\n<p>&#8211; Enllumenat p\u00fablic de la urbanitzaci\u00f3 del sector residencial \u201cLa Quintana de Dalt\u201d.<em>Promotor: INCASOL. Montmel\u00f3 (Barcelona)<\/em><em>\u00a0<\/em><\/p>\n<p>&#8211; Ampliaci\u00f3 de l\u2019enllumenat p\u00fablic de la urbanitzaci\u00f3 \u201cS\u00ednia de les Vaques\u201d. <em>Promotor: INCASOL. Vilanova i la Geltr\u00fa (Barcelona)<\/em><em>\u00a0<\/em><\/p>\n<p>&#8211; Enllumenat p\u00fablic de la urbanitzaci\u00f3 \u201cTorreblanca\u201d.<em>Promotor: INCASOL. Sant Joan d\u2019Esp\u00ed (Barcelona)<\/em><em>\u00a0<\/em><\/p>\n<p>&#8211; Enllumenat p\u00fablic de la urbanitzaci\u00f3 \u201cResidencial Can Morral\u201d.<em>Promotor: INCASOL. Abrera (Barcelona)<\/em><\/p>\n<p>&#8211; Enllumenat p\u00fablic del pol\u00edgon industrial Els Plans d\u2019Areu\u201d.<em>Promotor: INCASOL. La Pobla de Claramunt (Barcelona)<\/em><em>\u00a0<\/em><\/p>\n<p>&#8211; Enllumenat p\u00fablic de la urbanitzaci\u00f3 del sector d\u2019Activitats Econ\u00f2miques d\u2019Osona.<em>Promotor: INCASOL. Vic (Girona)<\/em><em>\u00a0<\/em><\/p>\n<p>&#8211; Enllumenat p\u00fablic de la urbanitzaci\u00f3 \u201cResidencial Les Comes III\u201d. <em>Promotor: INCASOL. Igualada (Barcelona)<\/em><\/p>\n<p>&#8211; Ampliaci\u00f3 de l\u2019enllumenat p\u00fablic al nucli urb\u00e0 de Estopi\u00f1\u00e1n. <em>Promotor: Ayuntamiento de Estopi\u00f1\u00e1n. Estopi\u00f1\u00e1n (Osca).<\/em><\/p>\n<p>[\/et_pb_text][\/et_pb_column][\/et_pb_row][\/et_pb_section]<\/p>\n","protected":false},"excerpt":{"rendered":"<p>Enllumenat p\u00fablic- Remodelaci\u00f3 i millora enllumenat p\u00fablic Barri de Bellvitge.Promotor: Ajuntament d\u2019Hospitalet de Llobregat. Hospitalet de Llobregat (Barcelona)- Enllumenat p\u00fablic en els nuclis de poblaci\u00f3 de Baldom\u00e0, Montargull, Vall-llebrera i Vall-llebrerola.Promotor: Ajuntament d\u2019Artesa de Segre. Artesa de Segre (Lleida)\u00a0 &#8211; Pol\u00edgon industrial \u201cPlans d\u2019Arau\u201d.Promotor: INCASOL. La Pobla de Caribenys (Tarragona)\u00a0 &#8211; Urbanitzaci\u00f3 residencial Santa B\u00e0rbara.Promotor: [&hellip;]<\/p>\n","protected":false},"author":1,"featured_media":0,"parent":0,"menu_order":0,"comment_status":"closed","ping_status":"closed","template":"","meta":{"_et_pb_use_builder":"on","_et_pb_old_content":"<!-- wp:divi\/placeholder \/-->","_et_gb_content_width":"","footnotes":""},"class_list":["post-35","page","type-page","status-publish","hentry"],"_links":{"self":[{"href":"https:\/\/tallertecnic.cat\/index.php?rest_route=\/wp\/v2\/pages\/35","targetHints":{"allow":["GET"]}}],"collection":[{"href":"https:\/\/tallertecnic.cat\/index.php?rest_route=\/wp\/v2\/pages"}],"about":[{"href":"https:\/\/tallertecnic.cat\/index.php?rest_route=\/wp\/v2\/types\/page"}],"author":[{"embeddable":true,"href":"https:\/\/tallertecnic.cat\/index.php?rest_route=\/wp\/v2\/users\/1"}],"replies":[{"embeddable":true,"href":"https:\/\/tallertecnic.cat\/index.php?rest_route=%2Fwp%2Fv2%2Fcomments&post=35"}],"version-history":[{"count":3,"href":"https:\/\/tallertecnic.cat\/index.php?rest_route=\/wp\/v2\/pages\/35\/revisions"}],"predecessor-version":[{"id":105,"href":"https:\/\/tallertecnic.cat\/index.php?rest_route=\/wp\/v2\/pages\/35\/revisions\/105"}],"wp:attachment":[{"href":"https:\/\/tallertecnic.cat\/index.php?rest_route=%2Fwp%2Fv2%2Fmedia&parent=35"}],"curies":[{"name":"wp","href":"https:\/\/api.w.org\/{rel}","templated":true}]}}